{"id":1820,"date":"2019-06-18T10:56:53","date_gmt":"2019-06-18T08:56:53","guid":{"rendered":"https:\/\/aaanandha.com\/testimonials\/"},"modified":"2020-06-17T07:53:08","modified_gmt":"2020-06-17T05:53:08","slug":"your-reviews","status":"publish","type":"page","link":"https:\/\/aaanandha.com\/en\/your-reviews","title":{"rendered":"Your reviews"},"content":{"rendered":"<div class=\"fusion-fullwidth fullwidth-box fusion-builder-row-1 nonhundred-percent-fullwidth non-hundred-percent-height-scrolling\" style=\"--awb-border-radius-top-left:0px;--awb-border-radius-top-right:0px;--awb-border-radius-bottom-right:0px;--awb-border-radius-bottom-left:0px;--awb-flex-wrap:wrap;\" ><div class=\"fusion-builder-row fusion-row\"><div class=\"fusion-layout-column fusion_builder_column fusion-builder-column-0 fusion_builder_column_1_1 1_1 fusion-one-full fusion-column-first fusion-column-last\" style=\"--awb-bg-size:cover;--awb-margin-top:0px;--awb-margin-bottom:0px;\"><div class=\"fusion-column-wrapper fusion-column-has-shadow fusion-flex-column-wrapper-legacy\"><div class=\"fusion-title title fusion-title-1 fusion-title-center fusion-title-text fusion-title-size-three\" style=\"--awb-margin-bottom:50px;\"><div class=\"title-sep-container title-sep-container-left\"><div class=\"title-sep sep- sep-solid\" style=\"border-color:#e0dede;\"><\/div><\/div><span class=\"awb-title-spacer\"><\/span><h3 class=\"fusion-title-heading title-heading-center\" style=\"margin:0;\">They loved it<\/h3><span class=\"awb-title-spacer\"><\/span><div class=\"title-sep-container title-sep-container-right\"><div class=\"title-sep sep- sep-solid\" style=\"border-color:#e0dede;\"><\/div><\/div><\/div><div class=\"fusion-aligncenter\"><a class=\"fusion-button button-flat fusion-button-default-size button-custom fusion-button-default button-1 fusion-button-default-span fusion-button-default-type\" style=\"--button_accent_color:rgba(255,255,255,0.95);--button_accent_hover_color:#ffffff;--button_border_hover_color:#ffffff;--button_gradient_top_color:#618cff;--button_gradient_bottom_color:#618cff;--button_gradient_top_color_hover:rgba(97,140,255,0.9);--button_gradient_bottom_color_hover:rgba(97,140,255,0.9);\" target=\"_blank\" rel=\"noopener noreferrer\" href=\"https:\/\/g.page\/massage-ayurveda\/review\"><span class=\"fusion-button-text awb-button__text awb-button__text--default\">Write a review on Google<\/span><i class=\"fa-external-link-alt fas awb-button__icon awb-button__icon--default button-icon-right\" aria-hidden=\"true\"><\/i><\/a><\/div><div class=\"fusion-sep-clear\"><\/div><div class=\"fusion-separator fusion-full-width-sep\" style=\"margin-left: auto;margin-right: auto;margin-bottom:30px;width:100%;\"><\/div><div class=\"fusion-sep-clear\"><\/div><div class=\"wprevpro-shortcode-wrapper\"><div><style>#wprev-slider-2 .wprevpro_star_imgs{color: #FDD314;}#wprev-slider-2 .wprsp-star{color: #FDD314;}#wprev-slider-2 .wprevpro_star_imgs span.svgicons {background: #FDD314;}#wprev-slider-2 .wprev_preview_bradius_T1 {border-radius: 15px;}#wprev-slider-2 .wprev_preview_bg1_T1 {background:#ffffff;}#wprev-slider-2 .wprev_preview_bg1_T1::after{ border-top: 30px solid #ffffff; }<\/style><\/div><div class=\"wprevpro wprev-no-slider revnotsameheight\" id=\"wprev-slider-2\"><div class=\"wprs_masonry_js\" data-numcol=\"2\">\t\t<div class=\"wprs_masonry_item_js wprevpro_t1_DIV_1  outerrevdiv\">\r\n\t\t\t<div class=\"indrevdiv wprevpro_t1_DIV_2 wprev_preview_bg1_T1 wprev_preview_bradius_T1\">\r\n\t\t\t\t<div class=\"indrevtxt wprevpro_t1_P_3 wprev_preview_tcolor1_T1\">\t\t\t\t\t<span class=\"wprevpro_star_imgs_T1\"><span class=\"starloc1 wprevpro_star_imgs wprevpro_star_imgsloc1\"><span class=\"svgicons svg-wprsp-star\"><\/span><span class=\"svgicons svg-wprsp-star\"><\/span><span class=\"svgicons svg-wprsp-star\"><\/span><span class=\"svgicons svg-wprsp-star\"><\/span><span class=\"svgicons svg-wprsp-star\"><\/span><\/span><\/span>Moment hors du temps, avec Ana\u00efs, une masseuse consciencieuse d'une qualit\u00e9 de pr\u00e9sence rare, excellent massage.\t\t\t\t<\/div>\r\n\t\t\t\t\t\t\t\t\t\t\t\t\t\t\t\t\t\t\t<\/div> <div class=\"wprevpro_t1_SPAN_5 wprev_preview_tcolor2_T1\"><div class=\"wprevpro_t1_rname wprevname\" >Alexandre Rebmann<\/div><div class=\"wprev_showdate_T1 wprevdate\">14\/03\/26<\/div> <\/div>\r\n\t\t\t\r\n\t\t<\/div>\r\n\t\t\r\n\t\t\t<div class=\"wprs_masonry_item_js wprevpro_t1_DIV_1  outerrevdiv\">\r\n\t\t\t<div class=\"indrevdiv wprevpro_t1_DIV_2 wprev_preview_bg1_T1 wprev_preview_bradius_T1\">\r\n\t\t\t\t<div class=\"indrevtxt wprevpro_t1_P_3 wprev_preview_tcolor1_T1\">\t\t\t\t\t<span class=\"wprevpro_star_imgs_T1\"><span class=\"starloc1 wprevpro_star_imgs wprevpro_star_imgsloc1\"><span class=\"svgicons svg-wprsp-star\"><\/span><span class=\"svgicons svg-wprsp-star\"><\/span><span class=\"svgicons svg-wprsp-star\"><\/span><span class=\"svgicons svg-wprsp-star\"><\/span><span class=\"svgicons svg-wprsp-star\"><\/span><\/span><\/span>Premier massage avec Alexandre, c\u2019\u00e9tait puissant, profond et j\u2019ai appris beaucoup sur moi! Un grand merci pour cette bienveillance et accompagnement \ud83d\ude4f\ud83c\udffc\t\t\t\t<\/div>\r\n\t\t\t\t\t\t\t\t\t\t\t\t\t\t\t\t\t\t\t<\/div> <div class=\"wprevpro_t1_SPAN_5 wprev_preview_tcolor2_T1\"><div class=\"wprevpro_t1_rname wprevname\" >Alejandra Fojo<\/div><div class=\"wprev_showdate_T1 wprevdate\">12\/03\/26<\/div> <\/div>\r\n\t\t\t\r\n\t\t<\/div>\r\n\t\t\r\n\t\t\t<div class=\"wprs_masonry_item_js wprevpro_t1_DIV_1  outerrevdiv\">\r\n\t\t\t<div class=\"indrevdiv wprevpro_t1_DIV_2 wprev_preview_bg1_T1 wprev_preview_bradius_T1\">\r\n\t\t\t\t<div class=\"indrevtxt wprevpro_t1_P_3 wprev_preview_tcolor1_T1\">\t\t\t\t\t<span class=\"wprevpro_star_imgs_T1\"><span class=\"starloc1 wprevpro_star_imgs wprevpro_star_imgsloc1\"><span class=\"svgicons svg-wprsp-star\"><\/span><span class=\"svgicons svg-wprsp-star\"><\/span><span class=\"svgicons svg-wprsp-star\"><\/span><span class=\"svgicons svg-wprsp-star\"><\/span><span class=\"svgicons svg-wprsp-star\"><\/span><\/span><\/span>Un immense merci \u00e0 Alexandre pour son \u00e9coute, sa bienveillance et sa grande g\u00e9n\u00e9rosit\u00e9. Tr\u00e8s professionnel, il a su s\u2019adapter \u00e0 mes besoins, toujours dans le respect et avec beaucoup de douceur. Je suis repartie apais\u00e9e, recentr\u00e9e et profond\u00e9ment d\u00e9tendue. Je recommande chaleureusement\t\t\t\t<\/div>\r\n\t\t\t\t\t\t\t\t\t\t\t\t\t\t\t\t\t\t\t<\/div> <div class=\"wprevpro_t1_SPAN_5 wprev_preview_tcolor2_T1\"><div class=\"wprevpro_t1_rname wprevname\" >raphaele buser llinares<\/div><div class=\"wprev_showdate_T1 wprevdate\">12\/03\/26<\/div> <\/div>\r\n\t\t\t\r\n\t\t<\/div>\r\n\t\t\r\n\t\t\t<div class=\"wprs_masonry_item_js wprevpro_t1_DIV_1  outerrevdiv\">\r\n\t\t\t<div class=\"indrevdiv wprevpro_t1_DIV_2 wprev_preview_bg1_T1 wprev_preview_bradius_T1\">\r\n\t\t\t\t<div class=\"indrevtxt wprevpro_t1_P_3 wprev_preview_tcolor1_T1\">\t\t\t\t\t<span class=\"wprevpro_star_imgs_T1\"><span class=\"starloc1 wprevpro_star_imgs wprevpro_star_imgsloc1\"><span class=\"svgicons svg-wprsp-star\"><\/span><span class=\"svgicons svg-wprsp-star\"><\/span><span class=\"svgicons svg-wprsp-star\"><\/span><span class=\"svgicons svg-wprsp-star\"><\/span><span class=\"svgicons svg-wprsp-star\"><\/span><\/span><\/span>Re\u00e7u un merveilleux massage d' Ana\u00efs. Beaucoup d'attention de douceur, c'\u00e9tait super agr\u00e9able. Je recommande vivement.\t\t\t\t<\/div>\r\n\t\t\t\t\t\t\t\t\t\t\t\t\t\t\t\t\t\t\t<\/div> <div class=\"wprevpro_t1_SPAN_5 wprev_preview_tcolor2_T1\"><div class=\"wprevpro_t1_rname wprevname\" >Trost Nils<\/div><div class=\"wprev_showdate_T1 wprevdate\">04\/03\/26<\/div> <\/div>\r\n\t\t\t\r\n\t\t<\/div>\r\n\t\t\r\n\t\t\t<div class=\"wprs_masonry_item_js wprevpro_t1_DIV_1  outerrevdiv\">\r\n\t\t\t<div class=\"indrevdiv wprevpro_t1_DIV_2 wprev_preview_bg1_T1 wprev_preview_bradius_T1\">\r\n\t\t\t\t<div class=\"indrevtxt wprevpro_t1_P_3 wprev_preview_tcolor1_T1\">\t\t\t\t\t<span class=\"wprevpro_star_imgs_T1\"><span class=\"starloc1 wprevpro_star_imgs wprevpro_star_imgsloc1\"><span class=\"svgicons svg-wprsp-star\"><\/span><span class=\"svgicons svg-wprsp-star\"><\/span><span class=\"svgicons svg-wprsp-star\"><\/span><span class=\"svgicons svg-wprsp-star\"><\/span><span class=\"svgicons svg-wprsp-star\"><\/span><\/span><\/span>Wonderful massage, wonderful masseuse!It was relaxing and helped release tension that had been there for a long time. I definitely can recommend Ana\u00efs as a competent and lovely massage therapist - merci !\t\t\t\t<\/div>\r\n\t\t\t\t\t\t\t\t\t\t\t\t\t\t\t\t\t\t\t<\/div> <div class=\"wprevpro_t1_SPAN_5 wprev_preview_tcolor2_T1\"><div class=\"wprevpro_t1_rname wprevname\" >Sarah Markiewicz<\/div><div class=\"wprev_showdate_T1 wprevdate\">17\/02\/26<\/div> <\/div>\r\n\t\t\t\r\n\t\t<\/div>\r\n\t\t\r\n\t\t\t<div class=\"wprs_masonry_item_js wprevpro_t1_DIV_1  outerrevdiv\">\r\n\t\t\t<div class=\"indrevdiv wprevpro_t1_DIV_2 wprev_preview_bg1_T1 wprev_preview_bradius_T1\">\r\n\t\t\t\t<div class=\"indrevtxt wprevpro_t1_P_3 wprev_preview_tcolor1_T1\">\t\t\t\t\t<span class=\"wprevpro_star_imgs_T1\"><span class=\"starloc1 wprevpro_star_imgs wprevpro_star_imgsloc1\"><span class=\"svgicons svg-wprsp-star\"><\/span><span class=\"svgicons svg-wprsp-star\"><\/span><span class=\"svgicons svg-wprsp-star\"><\/span><span class=\"svgicons svg-wprsp-star\"><\/span><span class=\"svgicons svg-wprsp-star\"><\/span><\/span><\/span>Lieu accueillant et le th\u00e9rapeute Alexandre fut \u00e0 l'\u00e9coute de mes besoins; ce fut une exp\u00e9rience unique que je recommande vivement.\t\t\t\t<\/div>\r\n\t\t\t\t\t\t\t\t\t\t\t\t\t\t\t\t\t\t\t<\/div> <div class=\"wprevpro_t1_SPAN_5 wprev_preview_tcolor2_T1\"><div class=\"wprevpro_t1_rname wprevname\" >Gabriel Paradisi<\/div><div class=\"wprev_showdate_T1 wprevdate\">24\/01\/26<\/div> <\/div>\r\n\t\t\t\r\n\t\t<\/div>\r\n\t\t\r\n\t\t\t<div class=\"wprs_masonry_item_js wprevpro_t1_DIV_1  outerrevdiv\">\r\n\t\t\t<div class=\"indrevdiv wprevpro_t1_DIV_2 wprev_preview_bg1_T1 wprev_preview_bradius_T1\">\r\n\t\t\t\t<div class=\"indrevtxt wprevpro_t1_P_3 wprev_preview_tcolor1_T1\">\t\t\t\t\t<span class=\"wprevpro_star_imgs_T1\"><span class=\"starloc1 wprevpro_star_imgs wprevpro_star_imgsloc1\"><span class=\"svgicons svg-wprsp-star\"><\/span><span class=\"svgicons svg-wprsp-star\"><\/span><span class=\"svgicons svg-wprsp-star\"><\/span><span class=\"svgicons svg-wprsp-star\"><\/span><span class=\"svgicons svg-wprsp-star\"><\/span><\/span><\/span>Une exp\u00e9rience in\u00e9dite. J\u2019y ai appr\u00e9ci\u00e9 le calme et la gentillesse d\u2019Alexandre.Son soin m\u2019a offert une heure de bien \u00eatre o\u00f9 j\u2019ai pu d\u00e9connecter compl\u00e8tement ce qui m\u2019est tr\u00e8s rare.Je recommande !!!!\t\t\t\t<\/div>\r\n\t\t\t\t\t\t\t\t\t\t\t\t\t\t\t\t\t\t\t<\/div> <div class=\"wprevpro_t1_SPAN_5 wprev_preview_tcolor2_T1\"><div class=\"wprevpro_t1_rname wprevname\" >Pauline Dunand<\/div><div class=\"wprev_showdate_T1 wprevdate\">30\/12\/25<\/div> <\/div>\r\n\t\t\t\r\n\t\t<\/div>\r\n\t\t\r\n\t\t\t<div class=\"wprs_masonry_item_js wprevpro_t1_DIV_1  outerrevdiv\">\r\n\t\t\t<div class=\"indrevdiv wprevpro_t1_DIV_2 wprev_preview_bg1_T1 wprev_preview_bradius_T1\">\r\n\t\t\t\t<div class=\"indrevtxt wprevpro_t1_P_3 wprev_preview_tcolor1_T1\">\t\t\t\t\t<span class=\"wprevpro_star_imgs_T1\"><span class=\"starloc1 wprevpro_star_imgs wprevpro_star_imgsloc1\"><span class=\"svgicons svg-wprsp-star\"><\/span><span class=\"svgicons svg-wprsp-star\"><\/span><span class=\"svgicons svg-wprsp-star\"><\/span><span class=\"svgicons svg-wprsp-star\"><\/span><span class=\"svgicons svg-wprsp-star\"><\/span><\/span><\/span>\ud83c\udf1f Une parenth\u00e8se revitalisante garantie \ud83c\udf1fJe fais r\u00e9guli\u00e8rement appel aux soins propos\u00e9s par Ana\u00efs, notamment la version longue du massage ayurv\u00e9dique Abhyanga. C\u2019est tout simplement magique\u2026 \u2728Dot\u00e9e de v\u00e9ritables doigts de f\u00e9e, ses gestes pr\u00e9cis et d\u00e9licats lib\u00e8rent les tensions, d\u00e9nouent les n\u0153uds et favorisent une profonde d\u00e9tente. \ud83e\udeb7Chaque s\u00e9ance est une v\u00e9ritable r\u00e9g\u00e9n\u00e9ration int\u00e9rieure. Ce massage est id\u00e9al pour toute personne souhaitant se reconnecter \u00e0 son corps et \u00e0 son esprit. \ud83c\udf1e Je confirme que les soins d\u2019Ana\u00efs sont particuli\u00e8rement indiqu\u00e9s pour celles et ceux qui recherchent un accompagnement professionnel et bienveillant dans leur d\u00e9marche de bien-\u00eatre.\t\t\t\t<\/div>\r\n\t\t\t\t\t\t\t\t\t\t\t\t\t\t\t\t\t\t\t<\/div> <div class=\"wprevpro_t1_SPAN_5 wprev_preview_tcolor2_T1\"><div class=\"wprevpro_t1_rname wprevname\" >moussa zm<\/div><div class=\"wprev_showdate_T1 wprevdate\">09\/12\/25<\/div> <\/div>\r\n\t\t\t\r\n\t\t<\/div>\r\n\t\t\r\n\t\t\t<div class=\"wprs_masonry_item_js wprevpro_t1_DIV_1  outerrevdiv\">\r\n\t\t\t<div class=\"indrevdiv wprevpro_t1_DIV_2 wprev_preview_bg1_T1 wprev_preview_bradius_T1\">\r\n\t\t\t\t<div class=\"indrevtxt wprevpro_t1_P_3 wprev_preview_tcolor1_T1\">\t\t\t\t\t<span class=\"wprevpro_star_imgs_T1\"><span class=\"starloc1 wprevpro_star_imgs wprevpro_star_imgsloc1\"><span class=\"svgicons svg-wprsp-star\"><\/span><span class=\"svgicons svg-wprsp-star\"><\/span><span class=\"svgicons svg-wprsp-star\"><\/span><span class=\"svgicons svg-wprsp-star\"><\/span><span class=\"svgicons svg-wprsp-star\"><\/span><\/span><\/span>J\u2019ai pass\u00e9 un tr\u00e8s beau moment chez Massage Aaanandha Ayurveda. Ana\u00efs est chaleureuse, professionnelle et vraiment \u00e0 l\u2019\u00e9coute : elle prend le temps de comprendre vos besoins avant la s\u00e9ance et termine avec un petit r\u00e9sum\u00e9 tr\u00e8s utile. Le salon est cosy, un vrai cocon en plein centre de Gen\u00e8ve. Le massage ayurv\u00e9dique \u00e9tait apaisant et ressour\u00e7ant, exactement ce dont j\u2019avais besoin. Je recommande vivement.\t\t\t\t<\/div>\r\n\t\t\t\t\t\t\t\t\t\t\t\t\t\t\t\t\t\t\t<\/div> <div class=\"wprevpro_t1_SPAN_5 wprev_preview_tcolor2_T1\"><div class=\"wprevpro_t1_rname wprevname\" >Beata B<\/div><div class=\"wprev_showdate_T1 wprevdate\">07\/12\/25<\/div> <\/div>\r\n\t\t\t\r\n\t\t<\/div>\r\n\t\t\r\n\t\t\t<div class=\"wprs_masonry_item_js wprevpro_t1_DIV_1  outerrevdiv\">\r\n\t\t\t<div class=\"indrevdiv wprevpro_t1_DIV_2 wprev_preview_bg1_T1 wprev_preview_bradius_T1\">\r\n\t\t\t\t<div class=\"indrevtxt wprevpro_t1_P_3 wprev_preview_tcolor1_T1\">\t\t\t\t\t<span class=\"wprevpro_star_imgs_T1\"><span class=\"starloc1 wprevpro_star_imgs wprevpro_star_imgsloc1\"><span class=\"svgicons svg-wprsp-star\"><\/span><span class=\"svgicons svg-wprsp-star\"><\/span><span class=\"svgicons svg-wprsp-star\"><\/span><span class=\"svgicons svg-wprsp-star\"><\/span><span class=\"svgicons svg-wprsp-star\"><\/span><\/span><\/span>Exp\u00e9rience plus que r\u00e9ussie. Je remercie Ana\u00efs pour son \u00e9coute, son accueil et sa douceur. Tout \u00e9tait parfait. Je reviendrai !\t\t\t\t<\/div>\r\n\t\t\t\t\t\t\t\t\t\t\t\t\t\t\t\t\t\t\t<\/div> <div class=\"wprevpro_t1_SPAN_5 wprev_preview_tcolor2_T1\"><div class=\"wprevpro_t1_rname wprevname\" >Charlotte Roquemaure-M.<\/div><div class=\"wprev_showdate_T1 wprevdate\">07\/12\/25<\/div> <\/div>\r\n\t\t\t\r\n\t\t<\/div>\r\n\t\t\r\n\t\t\t<div class=\"wprs_masonry_item_js wprevpro_t1_DIV_1  outerrevdiv\">\r\n\t\t\t<div class=\"indrevdiv wprevpro_t1_DIV_2 wprev_preview_bg1_T1 wprev_preview_bradius_T1\">\r\n\t\t\t\t<div class=\"indrevtxt wprevpro_t1_P_3 wprev_preview_tcolor1_T1\">\t\t\t\t\t<span class=\"wprevpro_star_imgs_T1\"><span class=\"starloc1 wprevpro_star_imgs wprevpro_star_imgsloc1\"><span class=\"svgicons svg-wprsp-star\"><\/span><span class=\"svgicons svg-wprsp-star\"><\/span><span class=\"svgicons svg-wprsp-star\"><\/span><span class=\"svgicons svg-wprsp-star\"><\/span><span class=\"svgicons svg-wprsp-star\"><\/span><\/span><\/span>Tr\u00e8s bonne exp\u00e9rience.Alexandre sait d\u2019embl\u00e9e nous mettre \u00e0 l\u2019aise, il est tr\u00e8s pr\u00e9venant et attentif \u00e0 notre bien \u00eatre.Le massage est tr\u00e8s pro et efficace, mes tensions ancr\u00e9es depuis plusieurs ann\u00e9es ont diminu\u00e9 d\u2019intensit\u00e9.Un grand merci \ud83d\ude4f\t\t\t\t<\/div>\r\n\t\t\t\t\t\t\t\t\t\t\t\t\t\t\t\t\t\t\t<\/div> <div class=\"wprevpro_t1_SPAN_5 wprev_preview_tcolor2_T1\"><div class=\"wprevpro_t1_rname wprevname\" >Magnetique \u201cBestest\u201d MAG<\/div><div class=\"wprev_showdate_T1 wprevdate\">30\/11\/25<\/div> <\/div>\r\n\t\t\t\r\n\t\t<\/div>\r\n\t\t\r\n\t\t\t<div class=\"wprs_masonry_item_js wprevpro_t1_DIV_1  outerrevdiv\">\r\n\t\t\t<div class=\"indrevdiv wprevpro_t1_DIV_2 wprev_preview_bg1_T1 wprev_preview_bradius_T1\">\r\n\t\t\t\t<div class=\"indrevtxt wprevpro_t1_P_3 wprev_preview_tcolor1_T1\">\t\t\t\t\t<span class=\"wprevpro_star_imgs_T1\"><span class=\"starloc1 wprevpro_star_imgs wprevpro_star_imgsloc1\"><span class=\"svgicons svg-wprsp-star\"><\/span><span class=\"svgicons svg-wprsp-star\"><\/span><span class=\"svgicons svg-wprsp-star\"><\/span><span class=\"svgicons svg-wprsp-star\"><\/span><span class=\"svgicons svg-wprsp-star\"><\/span><\/span><\/span>Alexandreis amazing. Very caring and thoughtful.\t\t\t\t<\/div>\r\n\t\t\t\t\t\t\t\t\t\t\t\t\t\t\t\t\t\t\t<\/div> <div class=\"wprevpro_t1_SPAN_5 wprev_preview_tcolor2_T1\"><div class=\"wprevpro_t1_rname wprevname\" >T. S.<\/div><div class=\"wprev_showdate_T1 wprevdate\">26\/10\/25<\/div> <\/div>\r\n\t\t\t\r\n\t\t<\/div>\r\n\t\t\r\n\t<\/div><div  class=\"wprevpro_load_more_div\" ><button data-notinstring=\"280,281,282,283,284,285,286,287,289,288,290,292\" data-onemobil=\"no\" data-revsameheight=\"no\"  data-callnum=\"1\" data-ismasonry=\"yes\" data-slideshow=\"\" data-tid=\"2\" data-nrows=\"6\" data-perrow=\"2\" data-cpostid=\"1820\" data-shortcodepageid=\"\" data-shortcodelang=\"\" data-shortcodetag=\"\" class=\"wprevpro_load_more_btn brnprevclass \" id=\"wprev_load_more_btn_2\" >Charger Plus<\/button><img decoding=\"async\" loading=\"lazy\" src=\"https:\/\/aaanandha.com\/wp-content\/plugins\/wp-review-slider-pro-premium\/public\/partials\/imgs\/loading_ripple.gif\" class=\"wprploadmore_loading_image \" alt=\"Button to load more customer reviews\" style=\"display:none;\"><\/div><\/div><\/div><div class=\"fusion-clearfix\"><\/div><\/div><\/div><\/div><\/div>\n","protected":false},"excerpt":{"rendered":"","protected":false},"author":1,"featured_media":0,"parent":0,"menu_order":0,"comment_status":"closed","ping_status":"closed","template":"","meta":{"_acf_changed":false,"footnotes":""},"class_list":["post-1820","page","type-page","status-publish","hentry"],"acf":[],"yoast_head":"<!-- This site is optimized with the Yoast SEO plugin v25.9 - https:\/\/yoast.com\/wordpress\/plugins\/seo\/ -->\n<title>Your reviews &#8211; Massage geneve massage ayurveda relaxation detente &#8211; Aaanandha<\/title>\n<meta name=\"description\" content=\"massage detente, Ayurveda massage, massage therapies. Herbal therapies, oil massages. Detox healing, relaxation massage.Testimonials, Clients reviews,\" \/>\n<meta name=\"robots\" content=\"index, follow, max-snippet:-1, max-image-preview:large, max-video-preview:-1\" \/>\n<link rel=\"canonical\" href=\"https:\/\/aaanandha.com\/en\/your-reviews\" \/>\n<meta property=\"og:locale\" content=\"en_US\" \/>\n<meta property=\"og:type\" content=\"article\" \/>\n<meta property=\"og:title\" content=\"Your reviews &#8211; Massage geneve massage ayurveda relaxation detente &#8211; Aaanandha\" \/>\n<meta property=\"og:description\" content=\"massage detente, Ayurveda massage, massage therapies. Herbal therapies, oil massages. Detox healing, relaxation massage.Testimonials, Clients reviews,\" \/>\n<meta property=\"og:url\" content=\"https:\/\/aaanandha.com\/en\/your-reviews\" \/>\n<meta property=\"og:site_name\" content=\"Aaanandha\" \/>\n<meta property=\"article:modified_time\" content=\"2020-06-17T05:53:08+00:00\" \/>\n<meta name=\"twitter:card\" content=\"summary_large_image\" \/>\n<meta name=\"twitter:label1\" content=\"Est. reading time\" \/>\n\t<meta name=\"twitter:data1\" content=\"2 minutes\" \/>\n<script type=\"application\/ld+json\" class=\"yoast-schema-graph\">{\"@context\":\"https:\/\/schema.org\",\"@graph\":[{\"@type\":\"WebPage\",\"@id\":\"https:\/\/aaanandha.com\/en\/your-reviews\",\"url\":\"https:\/\/aaanandha.com\/en\/your-reviews\",\"name\":\"Your reviews &#8211; Massage geneve massage ayurveda relaxation detente &#8211; Aaanandha\",\"isPartOf\":{\"@id\":\"https:\/\/aaanandha.com\/en#website\"},\"datePublished\":\"2019-06-18T08:56:53+00:00\",\"dateModified\":\"2020-06-17T05:53:08+00:00\",\"description\":\"massage detente, Ayurveda massage, massage therapies. Herbal therapies, oil massages. Detox healing, relaxation massage.Testimonials, Clients reviews,\",\"breadcrumb\":{\"@id\":\"https:\/\/aaanandha.com\/en\/your-reviews#breadcrumb\"},\"inLanguage\":\"en-US\",\"potentialAction\":[{\"@type\":\"ReadAction\",\"target\":[\"https:\/\/aaanandha.com\/en\/your-reviews\"]}]},{\"@type\":\"BreadcrumbList\",\"@id\":\"https:\/\/aaanandha.com\/en\/your-reviews#breadcrumb\",\"itemListElement\":[{\"@type\":\"ListItem\",\"position\":1,\"name\":\"Accueil\",\"item\":\"https:\/\/aaanandha.com\/en\/home\"},{\"@type\":\"ListItem\",\"position\":2,\"name\":\"Your reviews\"}]},{\"@type\":\"WebSite\",\"@id\":\"https:\/\/aaanandha.com\/en#website\",\"url\":\"https:\/\/aaanandha.com\/en\",\"name\":\"Aaanandha\",\"description\":\"Ayurveda Massages and Treatments in Geneva\",\"publisher\":{\"@id\":\"https:\/\/aaanandha.com\/en#organization\"},\"potentialAction\":[{\"@type\":\"SearchAction\",\"target\":{\"@type\":\"EntryPoint\",\"urlTemplate\":\"https:\/\/aaanandha.com\/en?s={search_term_string}\"},\"query-input\":{\"@type\":\"PropertyValueSpecification\",\"valueRequired\":true,\"valueName\":\"search_term_string\"}}],\"inLanguage\":\"en-US\"},{\"@type\":\"Organization\",\"@id\":\"https:\/\/aaanandha.com\/en#organization\",\"name\":\"Aaanandha Massages\",\"url\":\"https:\/\/aaanandha.com\/en\",\"logo\":{\"@type\":\"ImageObject\",\"inLanguage\":\"en-US\",\"@id\":\"https:\/\/aaanandha.com\/en#\/schema\/logo\/image\/\",\"url\":\"https:\/\/aaanandha.com\/wp-content\/uploads\/2023\/01\/logo-aaanandha-massage-2.png\",\"contentUrl\":\"https:\/\/aaanandha.com\/wp-content\/uploads\/2023\/01\/logo-aaanandha-massage-2.png\",\"width\":276,\"height\":80,\"caption\":\"Aaanandha Massages\"},\"image\":{\"@id\":\"https:\/\/aaanandha.com\/en#\/schema\/logo\/image\/\"}}]}<\/script>\n<!-- \/ Yoast SEO plugin. -->","yoast_head_json":{"title":"Your reviews &#8211; Massage geneve massage ayurveda relaxation detente &#8211; Aaanandha","description":"massage detente, Ayurveda massage, massage therapies. Herbal therapies, oil massages. Detox healing, relaxation massage.Testimonials, Clients reviews,","robots":{"index":"index","follow":"follow","max-snippet":"max-snippet:-1","max-image-preview":"max-image-preview:large","max-video-preview":"max-video-preview:-1"},"canonical":"https:\/\/aaanandha.com\/en\/your-reviews","og_locale":"en_US","og_type":"article","og_title":"Your reviews &#8211; Massage geneve massage ayurveda relaxation detente &#8211; Aaanandha","og_description":"massage detente, Ayurveda massage, massage therapies. Herbal therapies, oil massages. Detox healing, relaxation massage.Testimonials, Clients reviews,","og_url":"https:\/\/aaanandha.com\/en\/your-reviews","og_site_name":"Aaanandha","article_modified_time":"2020-06-17T05:53:08+00:00","twitter_card":"summary_large_image","twitter_misc":{"Est. reading time":"2 minutes"},"schema":{"@context":"https:\/\/schema.org","@graph":[{"@type":"WebPage","@id":"https:\/\/aaanandha.com\/en\/your-reviews","url":"https:\/\/aaanandha.com\/en\/your-reviews","name":"Your reviews &#8211; Massage geneve massage ayurveda relaxation detente &#8211; Aaanandha","isPartOf":{"@id":"https:\/\/aaanandha.com\/en#website"},"datePublished":"2019-06-18T08:56:53+00:00","dateModified":"2020-06-17T05:53:08+00:00","description":"massage detente, Ayurveda massage, massage therapies. Herbal therapies, oil massages. Detox healing, relaxation massage.Testimonials, Clients reviews,","breadcrumb":{"@id":"https:\/\/aaanandha.com\/en\/your-reviews#breadcrumb"},"inLanguage":"en-US","potentialAction":[{"@type":"ReadAction","target":["https:\/\/aaanandha.com\/en\/your-reviews"]}]},{"@type":"BreadcrumbList","@id":"https:\/\/aaanandha.com\/en\/your-reviews#breadcrumb","itemListElement":[{"@type":"ListItem","position":1,"name":"Accueil","item":"https:\/\/aaanandha.com\/en\/home"},{"@type":"ListItem","position":2,"name":"Your reviews"}]},{"@type":"WebSite","@id":"https:\/\/aaanandha.com\/en#website","url":"https:\/\/aaanandha.com\/en","name":"Aaanandha","description":"Ayurveda Massages and Treatments in Geneva","publisher":{"@id":"https:\/\/aaanandha.com\/en#organization"},"potentialAction":[{"@type":"SearchAction","target":{"@type":"EntryPoint","urlTemplate":"https:\/\/aaanandha.com\/en?s={search_term_string}"},"query-input":{"@type":"PropertyValueSpecification","valueRequired":true,"valueName":"search_term_string"}}],"inLanguage":"en-US"},{"@type":"Organization","@id":"https:\/\/aaanandha.com\/en#organization","name":"Aaanandha Massages","url":"https:\/\/aaanandha.com\/en","logo":{"@type":"ImageObject","inLanguage":"en-US","@id":"https:\/\/aaanandha.com\/en#\/schema\/logo\/image\/","url":"https:\/\/aaanandha.com\/wp-content\/uploads\/2023\/01\/logo-aaanandha-massage-2.png","contentUrl":"https:\/\/aaanandha.com\/wp-content\/uploads\/2023\/01\/logo-aaanandha-massage-2.png","width":276,"height":80,"caption":"Aaanandha Massages"},"image":{"@id":"https:\/\/aaanandha.com\/en#\/schema\/logo\/image\/"}}]}},"_links":{"self":[{"href":"https:\/\/aaanandha.com\/en\/wp-json\/wp\/v2\/pages\/1820","targetHints":{"allow":["GET"]}}],"collection":[{"href":"https:\/\/aaanandha.com\/en\/wp-json\/wp\/v2\/pages"}],"about":[{"href":"https:\/\/aaanandha.com\/en\/wp-json\/wp\/v2\/types\/page"}],"author":[{"embeddable":true,"href":"https:\/\/aaanandha.com\/en\/wp-json\/wp\/v2\/users\/1"}],"replies":[{"embeddable":true,"href":"https:\/\/aaanandha.com\/en\/wp-json\/wp\/v2\/comments?post=1820"}],"version-history":[{"count":9,"href":"https:\/\/aaanandha.com\/en\/wp-json\/wp\/v2\/pages\/1820\/revisions"}],"predecessor-version":[{"id":3206,"href":"https:\/\/aaanandha.com\/en\/wp-json\/wp\/v2\/pages\/1820\/revisions\/3206"}],"wp:attachment":[{"href":"https:\/\/aaanandha.com\/en\/wp-json\/wp\/v2\/media?parent=1820"}],"curies":[{"name":"wp","href":"https:\/\/api.w.org\/{rel}","templated":true}]}}